{"id":60,"date":"2022-02-18T18:13:03","date_gmt":"2022-02-18T18:13:03","guid":{"rendered":"https:\/\/plantgeneticslab.us.edu.pl\/?page_id=60"},"modified":"2023-03-15T11:54:08","modified_gmt":"2023-03-15T11:54:08","slug":"barista","status":"publish","type":"page","link":"https:\/\/plantgeneticslab.us.edu.pl\/index.php\/barista\/","title":{"rendered":"BARISTA: Advanced tools for breeding BARley for Intensive and SusTainable Agriculture under climate change scenarios [ERA-NET COFUND SusCrop HORIZON2020]"},"content":{"rendered":"\n<figure class=\"wp-block-pullquote\"><blockquote><p><strong>BARISTA: Advanced tools for breeding BARley for Intensive and SusTainable Agriculture under climate change scenarios [ERA-NET COFUND SusCrop HORIZON2020]<\/strong><\/p><\/blockquote><\/figure>\n\n\n\n<p><strong>Leader: Agata Daszkowska-Golec, DSc, PhD<\/strong><\/p>\n\n\n\n<p>Improving the genetic potential of the seeds is the most effective way to introduce the innovation in agriculture needed to meet the UN Sustainable Development Goals (SDGs). Plant breeding allows improvement of crop sustainability and yield potential through the introgression of specific traits capable of coping with climate change, disease shifts, and resource limitations. BARISTA is delivering new breeding strategies and toolkits for boosting barley crop improvement, leading to new, high-yielding varieties selected to cope with anticipated future climatic conditions.<\/p>\n\n\n\n<p>BARISTA is built on extensive phenotypic and genotypic data generated in previous projects and on current understanding of the genetics of ideotype traits for biotic and abiotic stress resilience. The consortium works on a common set of germplasm, consisting of ~200 barley spring cultivars extensively genotyped and phenotyped within the previous Exbardiv (ERA-PG 2006), Climbar (FACCE-JPI 2014), and various national projects, a panel of 160 spring barley single- and quadruple-stack lines developed to introgress quantitative resistance against the main barley pathogens, and several novel barley ABA-related mutants of candidate genes affecting water use efficiency (WUE) and drought tolerance.<\/p>\n\n\n\n<p>In BARISTA, this germplasm and data resource is driving genomic prediction (GP) and crop simulation models (CSMs) in combination to improve current predictive breeding tools and methods. In addition, we are dissecting traits relevant for barley sustainability and resilience (e.g., water- and nitrogen-use efficiency, culm architecture, disease resistance, flowering time) by using state of the art phenotyping, genetics, and genomics methodologies.<\/p>\n\n\n\n<p>BARISTA is working to release a barley breeding toolkit made of crop simulation models capable to predict crop performance under different climatic scenario and novel genes\/alleles for sustainable production. The following major research findings and outputs have been achieved so far:<\/p>\n\n\n\n<p>In terms of crop simulation models:<\/p>\n\n\n\n<ol class=\"wp-block-list\" type=\"1\">\n<li>A standard Genomic Prediction model has been developed using data from previous projects.<\/li>\n\n\n\n<li>&nbsp;Phenotyping of barley nitrogen response has been completed to calibrate the corresponding CSM.<\/li>\n\n\n\n<li>New Climatic scenario data from an ensemble of climate models for barley growing season across Europe have been determined.<\/li>\n\n\n\n<li>Evaluation\/calibration of different CSM for selected barley genotypes and major traits (lodging, flowering time, nitrogen use efficiency, diseases response) is in progress.<\/li>\n<\/ol>\n\n\n\n<p>In terms of new genes and genotypes the project has been identified or selected:<\/p>\n\n\n\n<ol class=\"wp-block-list\" type=\"1\">\n<li>Novel loci controlling culm diameter (larger culm contributes to lodging resistance).<\/li>\n\n\n\n<li>&nbsp;A wide range of \u2018flowering\u2019 gene haplotypes that allow barley to flower across the eco-geographical range.<\/li>\n\n\n\n<li>&nbsp;Genotypes with contrasting stomatal behaviour (ranging from anisohydric to isohydric) and segregating populations for genetic analysis.<\/li>\n\n\n\n<li>&nbsp;Genotypes carrying 1, 2, 3, 4 genes conferring quantitative diseases resistance effective against several pathogens simultaneously and less prone to be overcome by single pathogen races (currently under evaluation).<\/li>\n\n\n\n<li>&nbsp;Barley mutants in ABA-related genes: ABA-insensitive, with enhanced response to ABA, water saving (characterization is in progress).<\/li>\n<\/ol>\n\n\n\n<p>Overall, BARISTA provides tools for breeding in general and genes\/genotypes for improving crop sustainability (e.g. diseases resistance, nitrogen use efficiency, water use efficiency).<\/p>\n\n\n\n<p><strong>Project performed in consortium with:<\/strong> Consiglio Per La Ricerca In Agricoltura El\u2019analisi Dell\u2019economia Agraria; Universit\u00e0 Degli Studi Di Milano, W\u0142ochy (P2); Luonnonvarakeskus (Luke) Production Systems, Finlandia (P3); Estaci\u00f3n Experimental Aula Dei-Csic, Hiszpania (P4); Martin-Luther-University Halle\/Wittenberg, Niemcy (P5); University Of Goettingen, Niemcy (P6); University Of Copenhagen, Dania (P7); James Hutton Institute, Wielka Brytania (P8); University Of Tartu, Estonia (P9); Seges; F\u00f8devarer F.M.B.A. Planteinnovation, Dania (P11); Estonian Crop Research Institute, Estonia (P12)<\/p>\n\n\n\n<p><a href=\"https:\/\/plantgeneticslab.us.edu.pl\/index.php\/research\/\">Back to research page<\/a><\/p>\n\n\n\n<p class=\"has-text-align-left\"><\/p>\n","protected":false},"excerpt":{"rendered":"<p>BARISTA: Advanced tools for breeding BARley for Intensive and SusTainable Agriculture under climate change scenarios [ERA-NET COFUND SusCrop HORIZON2020] Leader: Agata Daszkowska-Golec, DSc, PhD Improving the genetic potential of the seeds is the most effective way to introduce the innovation in agriculture needed to meet [&hellip;]<\/p>\n","protected":false},"author":1,"featured_media":0,"parent":0,"menu_order":0,"comment_status":"closed","ping_status":"closed","template":"","meta":{"footnotes":""},"class_list":["post-60","page","type-page","status-publish","hentry"],"yoast_head":"<!-- This site is optimized with the Yoast SEO plugin v27.4 - https:\/\/yoast.com\/product\/yoast-seo-wordpress\/ -->\n<title>BARISTA: Advanced tools for breeding BARley for Intensive and SusTainable Agriculture under climate change scenarios [ERA-NET COFUND SusCrop HORIZON2020] - Plant Genetics and Functional Genomics<\/title>\n<meta name=\"robots\" content=\"index, follow, max-snippet:-1, max-image-preview:large, max-video-preview:-1\" \/>\n<link rel=\"canonical\" href=\"https:\/\/plantgeneticslab.us.edu.pl\/index.php\/barista\/\" \/>\n<meta property=\"og:locale\" content=\"pl_PL\" \/>\n<meta property=\"og:type\" content=\"article\" \/>\n<meta property=\"og:title\" content=\"BARISTA: Advanced tools for breeding BARley for Intensive and SusTainable Agriculture under climate change scenarios [ERA-NET COFUND SusCrop HORIZON2020] - Plant Genetics and Functional Genomics\" \/>\n<meta property=\"og:description\" content=\"BARISTA: Advanced tools for breeding BARley for Intensive and SusTainable Agriculture under climate change scenarios [ERA-NET COFUND SusCrop HORIZON2020] Leader: Agata Daszkowska-Golec, DSc, PhD Improving the genetic potential of the seeds is the most effective way to introduce the innovation in agriculture needed to meet [&hellip;]\" \/>\n<meta property=\"og:url\" content=\"https:\/\/plantgeneticslab.us.edu.pl\/index.php\/barista\/\" \/>\n<meta property=\"og:site_name\" content=\"Plant Genetics and Functional Genomics\" \/>\n<meta property=\"article:modified_time\" content=\"2023-03-15T11:54:08+00:00\" \/>\n<meta name=\"twitter:card\" content=\"summary_large_image\" \/>\n<meta name=\"twitter:label1\" content=\"Szacowany czas czytania\" \/>\n\t<meta name=\"twitter:data1\" content=\"4 minuty\" \/>\n<script type=\"application\/ld+json\" class=\"yoast-schema-graph\">{\"@context\":\"https:\\\/\\\/schema.org\",\"@graph\":[{\"@type\":\"WebPage\",\"@id\":\"https:\\\/\\\/plantgeneticslab.us.edu.pl\\\/index.php\\\/barista\\\/\",\"url\":\"https:\\\/\\\/plantgeneticslab.us.edu.pl\\\/index.php\\\/barista\\\/\",\"name\":\"BARISTA: Advanced tools for breeding BARley for Intensive and SusTainable Agriculture under climate change scenarios [ERA-NET COFUND SusCrop HORIZON2020] - Plant Genetics and Functional Genomics\",\"isPartOf\":{\"@id\":\"https:\\\/\\\/plantgeneticslab.us.edu.pl\\\/#website\"},\"datePublished\":\"2022-02-18T18:13:03+00:00\",\"dateModified\":\"2023-03-15T11:54:08+00:00\",\"breadcrumb\":{\"@id\":\"https:\\\/\\\/plantgeneticslab.us.edu.pl\\\/index.php\\\/barista\\\/#breadcrumb\"},\"inLanguage\":\"pl-PL\",\"potentialAction\":[{\"@type\":\"ReadAction\",\"target\":[\"https:\\\/\\\/plantgeneticslab.us.edu.pl\\\/index.php\\\/barista\\\/\"]}]},{\"@type\":\"BreadcrumbList\",\"@id\":\"https:\\\/\\\/plantgeneticslab.us.edu.pl\\\/index.php\\\/barista\\\/#breadcrumb\",\"itemListElement\":[{\"@type\":\"ListItem\",\"position\":1,\"name\":\"Strona g\u0142\u00f3wna\",\"item\":\"https:\\\/\\\/plantgeneticslab.us.edu.pl\\\/\"},{\"@type\":\"ListItem\",\"position\":2,\"name\":\"BARISTA: Advanced tools for breeding BARley for Intensive and SusTainable Agriculture under climate change scenarios [ERA-NET COFUND SusCrop HORIZON2020]\"}]},{\"@type\":\"WebSite\",\"@id\":\"https:\\\/\\\/plantgeneticslab.us.edu.pl\\\/#website\",\"url\":\"https:\\\/\\\/plantgeneticslab.us.edu.pl\\\/\",\"name\":\"Plant Genetics and Functional Genomics\",\"description\":\"to understand plants using genomics\",\"potentialAction\":[{\"@type\":\"SearchAction\",\"target\":{\"@type\":\"EntryPoint\",\"urlTemplate\":\"https:\\\/\\\/plantgeneticslab.us.edu.pl\\\/?s={search_term_string}\"},\"query-input\":{\"@type\":\"PropertyValueSpecification\",\"valueRequired\":true,\"valueName\":\"search_term_string\"}}],\"inLanguage\":\"pl-PL\"}]}<\/script>\n<!-- \/ Yoast SEO plugin. -->","yoast_head_json":{"title":"BARISTA: Advanced tools for breeding BARley for Intensive and SusTainable Agriculture under climate change scenarios [ERA-NET COFUND SusCrop HORIZON2020] - Plant Genetics and Functional Genomics","robots":{"index":"index","follow":"follow","max-snippet":"max-snippet:-1","max-image-preview":"max-image-preview:large","max-video-preview":"max-video-preview:-1"},"canonical":"https:\/\/plantgeneticslab.us.edu.pl\/index.php\/barista\/","og_locale":"pl_PL","og_type":"article","og_title":"BARISTA: Advanced tools for breeding BARley for Intensive and SusTainable Agriculture under climate change scenarios [ERA-NET COFUND SusCrop HORIZON2020] - Plant Genetics and Functional Genomics","og_description":"BARISTA: Advanced tools for breeding BARley for Intensive and SusTainable Agriculture under climate change scenarios [ERA-NET COFUND SusCrop HORIZON2020] Leader: Agata Daszkowska-Golec, DSc, PhD Improving the genetic potential of the seeds is the most effective way to introduce the innovation in agriculture needed to meet [&hellip;]","og_url":"https:\/\/plantgeneticslab.us.edu.pl\/index.php\/barista\/","og_site_name":"Plant Genetics and Functional Genomics","article_modified_time":"2023-03-15T11:54:08+00:00","twitter_card":"summary_large_image","twitter_misc":{"Szacowany czas czytania":"4 minuty"},"schema":{"@context":"https:\/\/schema.org","@graph":[{"@type":"WebPage","@id":"https:\/\/plantgeneticslab.us.edu.pl\/index.php\/barista\/","url":"https:\/\/plantgeneticslab.us.edu.pl\/index.php\/barista\/","name":"BARISTA: Advanced tools for breeding BARley for Intensive and SusTainable Agriculture under climate change scenarios [ERA-NET COFUND SusCrop HORIZON2020] - Plant Genetics and Functional Genomics","isPartOf":{"@id":"https:\/\/plantgeneticslab.us.edu.pl\/#website"},"datePublished":"2022-02-18T18:13:03+00:00","dateModified":"2023-03-15T11:54:08+00:00","breadcrumb":{"@id":"https:\/\/plantgeneticslab.us.edu.pl\/index.php\/barista\/#breadcrumb"},"inLanguage":"pl-PL","potentialAction":[{"@type":"ReadAction","target":["https:\/\/plantgeneticslab.us.edu.pl\/index.php\/barista\/"]}]},{"@type":"BreadcrumbList","@id":"https:\/\/plantgeneticslab.us.edu.pl\/index.php\/barista\/#breadcrumb","itemListElement":[{"@type":"ListItem","position":1,"name":"Strona g\u0142\u00f3wna","item":"https:\/\/plantgeneticslab.us.edu.pl\/"},{"@type":"ListItem","position":2,"name":"BARISTA: Advanced tools for breeding BARley for Intensive and SusTainable Agriculture under climate change scenarios [ERA-NET COFUND SusCrop HORIZON2020]"}]},{"@type":"WebSite","@id":"https:\/\/plantgeneticslab.us.edu.pl\/#website","url":"https:\/\/plantgeneticslab.us.edu.pl\/","name":"Plant Genetics and Functional Genomics","description":"to understand plants using genomics","potentialAction":[{"@type":"SearchAction","target":{"@type":"EntryPoint","urlTemplate":"https:\/\/plantgeneticslab.us.edu.pl\/?s={search_term_string}"},"query-input":{"@type":"PropertyValueSpecification","valueRequired":true,"valueName":"search_term_string"}}],"inLanguage":"pl-PL"}]}},"_links":{"self":[{"href":"https:\/\/plantgeneticslab.us.edu.pl\/index.php\/wp-json\/wp\/v2\/pages\/60","targetHints":{"allow":["GET"]}}],"collection":[{"href":"https:\/\/plantgeneticslab.us.edu.pl\/index.php\/wp-json\/wp\/v2\/pages"}],"about":[{"href":"https:\/\/plantgeneticslab.us.edu.pl\/index.php\/wp-json\/wp\/v2\/types\/page"}],"author":[{"embeddable":true,"href":"https:\/\/plantgeneticslab.us.edu.pl\/index.php\/wp-json\/wp\/v2\/users\/1"}],"replies":[{"embeddable":true,"href":"https:\/\/plantgeneticslab.us.edu.pl\/index.php\/wp-json\/wp\/v2\/comments?post=60"}],"version-history":[{"count":10,"href":"https:\/\/plantgeneticslab.us.edu.pl\/index.php\/wp-json\/wp\/v2\/pages\/60\/revisions"}],"predecessor-version":[{"id":266,"href":"https:\/\/plantgeneticslab.us.edu.pl\/index.php\/wp-json\/wp\/v2\/pages\/60\/revisions\/266"}],"wp:attachment":[{"href":"https:\/\/plantgeneticslab.us.edu.pl\/index.php\/wp-json\/wp\/v2\/media?parent=60"}],"curies":[{"name":"wp","href":"https:\/\/api.w.org\/{rel}","templated":true}]}}